{"id":3185,"date":"2025-04-04T06:09:36","date_gmt":"2025-04-04T06:09:36","guid":{"rendered":"https:\/\/dx-cells-technologies.bemunchiegrowth.co.uk\/finansowanie-innowacji\/"},"modified":"2025-05-15T23:07:07","modified_gmt":"2025-05-15T23:07:07","slug":"finansowanie-innowacji","status":"publish","type":"page","link":"https:\/\/dxenergy.co.uk\/pl\/finansowanie-innowacji\/","title":{"rendered":"Finansowanie innowacji"},"content":{"rendered":"\t\t<div data-elementor-type=\"wp-page\" data-elementor-id=\"3185\" class=\"elementor elementor-3185 elementor-22\" data-elementor-post-type=\"page\">\n\t\t\t\t<div class=\"elementor-element elementor-element-95ce5eb e-flex e-con-boxed e-con e-parent\" data-id=\"95ce5eb\" data-element_type=\"container\" data-e-type=\"container\" data-settings=\"{&quot;background_background&quot;:&quot;classic&quot;}\">\n\t\t\t\t\t<div class=\"e-con-inner\">\n\t\t<div class=\"elementor-element elementor-element-d78e55d e-flex e-con-boxed e-con e-child\" data-id=\"d78e55d\" data-element_type=\"container\" data-e-type=\"container\">\n\t\t\t\t\t<div class=\"e-con-inner\">\n\t\t\t\t<div class=\"elementor-element elementor-element-679d9c4 elementor-widget elementor-widget-heading\" data-id=\"679d9c4\" data-element_type=\"widget\" data-e-type=\"widget\" data-widget_type=\"heading.default\">\n\t\t\t\t<div class=\"elementor-widget-container\">\n\t\t\t\t\t<h6 class=\"elementor-heading-title elementor-size-default\">Finansowanie innowacji<\/h6>\t\t\t\t<\/div>\n\t\t\t\t<\/div>\n\t\t\t\t<div class=\"elementor-element elementor-element-67906da elementor-widget elementor-widget-heading\" data-id=\"67906da\" data-element_type=\"widget\" data-e-type=\"widget\" data-widget_type=\"heading.default\">\n\t\t\t\t<div class=\"elementor-widget-container\">\n\t\t\t\t\t<h1 class=\"elementor-heading-title elementor-size-default\">Projekty finansowania innowacji<\/h1>\t\t\t\t<\/div>\n\t\t\t\t<\/div>\n\t\t\t\t\t<\/div>\n\t\t\t\t<\/div>\n\t\t\t\t\t<\/div>\n\t\t\t\t<\/div>\n\t\t<div class=\"elementor-element elementor-element-026fab5 e-flex e-con-boxed e-con e-parent\" data-id=\"026fab5\" data-element_type=\"container\" data-e-type=\"container\">\n\t\t\t\t\t<div class=\"e-con-inner\">\n\t\t<div class=\"elementor-element elementor-element-81ae55a e-con-full e-flex e-con e-child\" data-id=\"81ae55a\" data-element_type=\"container\" data-e-type=\"container\">\n\t\t\t\t<div class=\"elementor-element elementor-element-0fd2a11 darkBoldText elementor-widget elementor-widget-text-editor\" data-id=\"0fd2a11\" data-element_type=\"widget\" data-e-type=\"widget\" data-widget_type=\"text-editor.default\">\n\t\t\t\t<div class=\"elementor-widget-container\">\n\t\t\t\t\t\t\t\t\t<p>W DX Energy nie tylko rozwijamy nowe technologie &#8211; redefiniujemy spos\u00f3b, w jaki spo\u0142eczno\u015bci generuj\u0105, dystrybuuj\u0105 i wykorzystuj\u0105 energi\u0119. Nasze oparte na sztucznej inteligencji, zautomatyzowane rozwi\u0105zania GNC (Green eNergy Community) umo\u017cliwiaj\u0105 firmom, gospodarstwom domowym i infrastrukturze publicznej udzia\u0142 w rewolucji czystej energii. <\/p>\t\t\t\t\t\t\t\t<\/div>\n\t\t\t\t<\/div>\n\t\t\t\t<\/div>\n\t\t\t\t\t<\/div>\n\t\t\t\t<\/div>\n\t\t<div class=\"elementor-element elementor-element-db03f17 e-flex e-con-boxed e-con e-parent\" data-id=\"db03f17\" data-element_type=\"container\" data-e-type=\"container\">\n\t\t\t\t\t<div class=\"e-con-inner\">\n\t\t<div class=\"elementor-element elementor-element-9acf91a e-con-full e-flex e-con e-child\" data-id=\"9acf91a\" data-element_type=\"container\" data-e-type=\"container\">\n\t\t<div class=\"elementor-element elementor-element-cae9b71 e-con-full e-flex e-con e-child\" data-id=\"cae9b71\" data-element_type=\"container\" data-e-type=\"container\">\n\t\t\t\t<div class=\"elementor-element elementor-element-eb9bb97 elementor-widget__width-initial elementor-widget elementor-widget-heading\" data-id=\"eb9bb97\" data-element_type=\"widget\" data-e-type=\"widget\" data-widget_type=\"heading.default\">\n\t\t\t\t<div class=\"elementor-widget-container\">\n\t\t\t\t\t<h2 class=\"elementor-heading-title elementor-size-default\">Innowacja u podstaw DX Energy<\/h2>\t\t\t\t<\/div>\n\t\t\t\t<\/div>\n\t\t<div class=\"elementor-element elementor-element-ec3dd19 e-con-full e-flex e-con e-child\" data-id=\"ec3dd19\" data-element_type=\"container\" data-e-type=\"container\">\n\t\t\t\t<div class=\"elementor-element elementor-element-6eac68d darkBoldText elementor-widget elementor-widget-text-editor\" data-id=\"6eac68d\" data-element_type=\"widget\" data-e-type=\"widget\" data-widget_type=\"text-editor.default\">\n\t\t\t\t<div class=\"elementor-widget-container\">\n\t\t\t\t\t\t\t\t\t<p>Nasze podej\u015bcie do innowacji koncentruje si\u0119 na sztucznej inteligencji, automatyzacji i zdecentralizowanych systemach energetycznych, stawiaj\u0105c czo\u0142a niekt\u00f3rym z najwi\u0119kszych wyzwa\u0144 w zakresie wdra\u017cania fotowoltaiki i zarz\u0105dzania energi\u0105.<\/p>\t\t\t\t\t\t\t\t<\/div>\n\t\t\t\t<\/div>\n\t\t\t\t<\/div>\n\t\t\t\t<\/div>\n\t\t<div class=\"elementor-element elementor-element-2e097f5 e-con-full e-flex e-con e-child\" data-id=\"2e097f5\" data-element_type=\"container\" data-e-type=\"container\">\n\t\t<div class=\"elementor-element elementor-element-512c682 e-con-full hoverEffect e-flex e-con e-child\" data-id=\"512c682\" data-element_type=\"container\" data-e-type=\"container\" data-settings=\"{&quot;background_background&quot;:&quot;classic&quot;}\">\n\t\t<div class=\"elementor-element elementor-element-4511027 e-con-full e-flex e-con e-child\" data-id=\"4511027\" data-element_type=\"container\" data-e-type=\"container\">\n\t\t\t\t<div class=\"elementor-element elementor-element-b231234 elementor-widget elementor-widget-heading\" data-id=\"b231234\" data-element_type=\"widget\" data-e-type=\"widget\" data-widget_type=\"heading.default\">\n\t\t\t\t<div class=\"elementor-widget-container\">\n\t\t\t\t\t<h2 class=\"elementor-heading-title elementor-size-default\">01<\/h2>\t\t\t\t<\/div>\n\t\t\t\t<\/div>\n\t\t\t\t<div class=\"elementor-element elementor-element-d5b3764 elementor-widget elementor-widget-text-editor\" data-id=\"d5b3764\" data-element_type=\"widget\" data-e-type=\"widget\" data-widget_type=\"text-editor.default\">\n\t\t\t\t<div class=\"elementor-widget-container\">\n\t\t\t\t\t\t\t\t\t<p>Sztuczna inteligencja i robotyka dla zaawansowanych wdro\u017ce\u0144 PV<\/p>\t\t\t\t\t\t\t\t<\/div>\n\t\t\t\t<\/div>\n\t\t\t\t<\/div>\n\t\t\t\t<div class=\"elementor-element elementor-element-3bffd8b elementor-widget elementor-widget-text-editor\" data-id=\"3bffd8b\" data-element_type=\"widget\" data-e-type=\"widget\" data-widget_type=\"text-editor.default\">\n\t\t\t\t<div class=\"elementor-widget-container\">\n\t\t\t\t\t\t\t\t\t<p>Projektowanie i optymalizacja system\u00f3w fotowoltaicznych zintegrowanych z budynkiem (BIPV\/BAPV) z wykorzystaniem sztucznej inteligencji. Instalacja i konserwacja wspomagana przez roboty   <\/p>\t\t\t\t\t\t\t\t<\/div>\n\t\t\t\t<\/div>\n\t\t\t\t<\/div>\n\t\t<div class=\"elementor-element elementor-element-6495851 e-con-full hoverEffect e-flex e-con e-child\" data-id=\"6495851\" data-element_type=\"container\" data-e-type=\"container\" data-settings=\"{&quot;background_background&quot;:&quot;classic&quot;}\">\n\t\t<div class=\"elementor-element elementor-element-669c607 e-con-full e-flex e-con e-child\" data-id=\"669c607\" data-element_type=\"container\" data-e-type=\"container\">\n\t\t\t\t<div class=\"elementor-element elementor-element-00e7780 elementor-widget elementor-widget-heading\" data-id=\"00e7780\" data-element_type=\"widget\" data-e-type=\"widget\" data-widget_type=\"heading.default\">\n\t\t\t\t<div class=\"elementor-widget-container\">\n\t\t\t\t\t<h2 class=\"elementor-heading-title elementor-size-default\">02<\/h2>\t\t\t\t<\/div>\n\t\t\t\t<\/div>\n\t\t\t\t<div class=\"elementor-element elementor-element-367318a elementor-widget elementor-widget-text-editor\" data-id=\"367318a\" data-element_type=\"widget\" data-e-type=\"widget\" data-widget_type=\"text-editor.default\">\n\t\t\t\t<div class=\"elementor-widget-container\">\n\t\t\t\t\t\t\t\t\t<p>Handel energi\u0105 Peer-to-Peer (P2P) nowej generacji<\/p>\t\t\t\t\t\t\t\t<\/div>\n\t\t\t\t<\/div>\n\t\t\t\t<\/div>\n\t\t\t\t<div class=\"elementor-element elementor-element-ca838ff elementor-widget elementor-widget-text-editor\" data-id=\"ca838ff\" data-element_type=\"widget\" data-e-type=\"widget\" data-widget_type=\"text-editor.default\">\n\t\t\t\t<div class=\"elementor-widget-container\">\n\t\t\t\t\t\t\t\t\t<p>\u0141\u0105czy Partial Power Processing (PPP) dla wysokowydajnego, modu\u0142owego routingu energii, elastyczny 3-warstwowy system handlowy umo\u017cliwiaj\u0105cy zdecentralizowan\u0105, tani\u0105 wymian\u0119 energii oraz identyfikowaln\u0105 energi\u0119 za po\u015brednictwem PSMM dla bezpiecznych, zintegrowanych z danymi transakcji.<\/p>\t\t\t\t\t\t\t\t<\/div>\n\t\t\t\t<\/div>\n\t\t\t\t<\/div>\n\t\t\t\t<\/div>\n\t\t<div class=\"elementor-element elementor-element-2f9c1ba e-con-full e-flex e-con e-child\" data-id=\"2f9c1ba\" data-element_type=\"container\" data-e-type=\"container\">\n\t\t<div class=\"elementor-element elementor-element-397755b e-con-full hoverEffect e-flex e-con e-child\" data-id=\"397755b\" data-element_type=\"container\" data-e-type=\"container\" data-settings=\"{&quot;background_background&quot;:&quot;classic&quot;}\">\n\t\t<div class=\"elementor-element elementor-element-2db4f7d e-con-full e-flex e-con e-child\" data-id=\"2db4f7d\" data-element_type=\"container\" data-e-type=\"container\">\n\t\t\t\t<div class=\"elementor-element elementor-element-9b0c486 elementor-widget elementor-widget-heading\" data-id=\"9b0c486\" data-element_type=\"widget\" data-e-type=\"widget\" data-widget_type=\"heading.default\">\n\t\t\t\t<div class=\"elementor-widget-container\">\n\t\t\t\t\t<h2 class=\"elementor-heading-title elementor-size-default\">03<\/h2>\t\t\t\t<\/div>\n\t\t\t\t<\/div>\n\t\t\t\t<div class=\"elementor-element elementor-element-99cf905 elementor-widget elementor-widget-text-editor\" data-id=\"99cf905\" data-element_type=\"widget\" data-e-type=\"widget\" data-widget_type=\"text-editor.default\">\n\t\t\t\t<div class=\"elementor-widget-container\">\n\t\t\t\t\t\t\t\t\t<p>Technologia router\u00f3w energii dla elastycznych, skalowalnych mikrosieci<\/p>\t\t\t\t\t\t\t\t<\/div>\n\t\t\t\t<\/div>\n\t\t\t\t<\/div>\n\t\t\t\t<div class=\"elementor-element elementor-element-11ed33b elementor-widget elementor-widget-text-editor\" data-id=\"11ed33b\" data-element_type=\"widget\" data-e-type=\"widget\" data-widget_type=\"text-editor.default\">\n\t\t\t\t<div class=\"elementor-widget-container\">\n\t\t\t\t\t\t\t\t\t<p>Modu\u0142owe routery energetyczne oparte na sztucznej inteligencji dla optymalnego przep\u0142ywu energii w sieciach energetycznych opartych na spo\u0142eczno\u015bciach (ENN), zoptymalizowane przez algorytmy dynamicznego routingu energii<\/p>\t\t\t\t\t\t\t\t<\/div>\n\t\t\t\t<\/div>\n\t\t\t\t<\/div>\n\t\t<div class=\"elementor-element elementor-element-8b72157 e-con-full hoverEffect e-flex e-con e-child\" data-id=\"8b72157\" data-element_type=\"container\" data-e-type=\"container\" data-settings=\"{&quot;background_background&quot;:&quot;classic&quot;}\">\n\t\t<div class=\"elementor-element elementor-element-d52c2e9 e-con-full e-flex e-con e-child\" data-id=\"d52c2e9\" data-element_type=\"container\" data-e-type=\"container\">\n\t\t\t\t<div class=\"elementor-element elementor-element-2c4520e elementor-widget elementor-widget-heading\" data-id=\"2c4520e\" data-element_type=\"widget\" data-e-type=\"widget\" data-widget_type=\"heading.default\">\n\t\t\t\t<div class=\"elementor-widget-container\">\n\t\t\t\t\t<h2 class=\"elementor-heading-title elementor-size-default\">04<\/h2>\t\t\t\t<\/div>\n\t\t\t\t<\/div>\n\t\t\t\t<div class=\"elementor-element elementor-element-989c96c elementor-widget elementor-widget-text-editor\" data-id=\"989c96c\" data-element_type=\"widget\" data-e-type=\"widget\" data-widget_type=\"text-editor.default\">\n\t\t\t\t<div class=\"elementor-widget-container\">\n\t\t\t\t\t\t\t\t\t<p>Zr\u00f3wnowa\u017cone miejskie i przemys\u0142owe rozwi\u0105zania energetyczne<\/p>\t\t\t\t\t\t\t\t<\/div>\n\t\t\t\t<\/div>\n\t\t\t\t<\/div>\n\t\t\t\t<div class=\"elementor-element elementor-element-4618b5e elementor-widget elementor-widget-text-editor\" data-id=\"4618b5e\" data-element_type=\"widget\" data-e-type=\"widget\" data-widget_type=\"text-editor.default\">\n\t\t\t\t<div class=\"elementor-widget-container\">\n\t\t\t\t\t\t\t\t\t<p>Wykrywanie usterek z wykorzystaniem sztucznej inteligencji i optymalizacja wydajno\u015bci starzej\u0105cych si\u0119 system\u00f3w fotowoltaicznych.<\/p>\t\t\t\t\t\t\t\t<\/div>\n\t\t\t\t<\/div>\n\t\t\t\t<\/div>\n\t\t\t\t<\/div>\n\t\t\t\t<\/div>\n\t\t\t\t\t<\/div>\n\t\t\t\t<\/div>\n\t\t<div class=\"elementor-element elementor-element-7938f32 e-flex e-con-boxed e-con e-parent\" data-id=\"7938f32\" data-element_type=\"container\" data-e-type=\"container\">\n\t\t\t\t\t<div class=\"e-con-inner\">\n\t\t<div class=\"elementor-element elementor-element-8c6fbfb e-con-full e-flex e-con e-child\" data-id=\"8c6fbfb\" data-element_type=\"container\" data-e-type=\"container\">\n\t\t\t\t<div class=\"elementor-element elementor-element-098ab1b elementor-widget elementor-widget-heading\" data-id=\"098ab1b\" data-element_type=\"widget\" data-e-type=\"widget\" data-widget_type=\"heading.default\">\n\t\t\t\t<div class=\"elementor-widget-container\">\n\t\t\t\t\t<h2 class=\"elementor-heading-title elementor-size-default\">Globalna wsp\u00f3\u0142praca nap\u0119dzaj\u0105ca innowacje\n<\/h2>\t\t\t\t<\/div>\n\t\t\t\t<\/div>\n\t\t\t\t<div class=\"elementor-element elementor-element-9650ba3 darkBoldText elementor-widget elementor-widget-text-editor\" data-id=\"9650ba3\" data-element_type=\"widget\" data-e-type=\"widget\" data-widget_type=\"text-editor.default\">\n\t\t\t\t<div class=\"elementor-widget-container\">\n\t\t\t\t\t\t\t\t\t<p>DX Energy aktywnie wsp\u00f3\u0142pracuje z wiod\u0105cymi instytucjami badawczymi, uniwersytetami i innowatorami technologicznymi w ca\u0142ej Europie. Nasze partnerstwa pozwalaj\u0105 nam przesuwa\u0107 granice odporno\u015bci energetycznej, automatyzacji i wydajno\u015bci opartej na sztucznej inteligencji.   <\/p>\t\t\t\t\t\t\t\t<\/div>\n\t\t\t\t<\/div>\n\t\t\t\t<div class=\"elementor-element elementor-element-3da597a elementor-widget elementor-widget-heading\" data-id=\"3da597a\" data-element_type=\"widget\" data-e-type=\"widget\" data-widget_type=\"heading.default\">\n\t\t\t\t<div class=\"elementor-widget-container\">\n\t\t\t\t\t<h5 class=\"elementor-heading-title elementor-size-default\">Nasi kluczowi wsp\u00f3\u0142pracownicy<\/h5>\t\t\t\t<\/div>\n\t\t\t\t<\/div>\n\t\t\t\t<div class=\"elementor-element elementor-element-f0e4226 ulList elementor-widget elementor-widget-text-editor\" data-id=\"f0e4226\" data-element_type=\"widget\" data-e-type=\"widget\" data-widget_type=\"text-editor.default\">\n\t\t\t\t<div class=\"elementor-widget-container\">\n\t\t\t\t\t\t\t\t\t<ul><li>King&#8217;s College London &#8211; Sztuczna inteligencja i modu\u0142owe trasowanie energii<\/li><li>Robocoast EDIH &#8211; Cyfrowe innowacje i przemys\u0142owe aplikacje AI<\/li><li>Berner Fachhochschule &#8211; Robotyka i automatyzacja<\/li><\/ul>\t\t\t\t\t\t\t\t<\/div>\n\t\t\t\t<\/div>\n\t\t\t\t<\/div>\n\t\t<div class=\"elementor-element elementor-element-3c99595 e-con-full e-flex e-con e-child\" data-id=\"3c99595\" data-element_type=\"container\" data-e-type=\"container\">\n\t\t\t\t<div class=\"elementor-element elementor-element-37b4ec2 elementor-widget elementor-widget-image\" data-id=\"37b4ec2\" data-element_type=\"widget\" data-e-type=\"widget\" data-widget_type=\"image.default\">\n\t\t\t\t<div class=\"elementor-widget-container\">\n\t\t\t\t\t\t\t\t\t\t\t\t\t\t\t<img decoding=\"async\" src=\"https:\/\/dxenergy.co.uk\/wp-content\/uploads\/2025\/04\/Asset-1@2x-1.png\" title=\"Asset 1@2x 1\" alt=\"Asset 1@2x 1\" loading=\"lazy\" \/>\t\t\t\t\t\t\t\t\t\t\t\t\t\t\t<\/div>\n\t\t\t\t<\/div>\n\t\t\t\t<\/div>\n\t\t\t\t\t<\/div>\n\t\t\t\t<\/div>\n\t\t\t\t<\/div>\n\t\t","protected":false},"excerpt":{"rendered":"<p>Finansowanie innowacji Projekty finansowania innowacji W DX Energy nie tylko rozwijamy nowe technologie &#8211; redefiniujemy spos\u00f3b, w jaki spo\u0142eczno\u015bci generuj\u0105, dystrybuuj\u0105 i wykorzystuj\u0105 energi\u0119. Nasze oparte na sztucznej inteligencji, zautomatyzowane rozwi\u0105zania GNC (Green eNergy Community) umo\u017cliwiaj\u0105 firmom, gospodarstwom domowym i infrastrukturze publicznej udzia\u0142 w rewolucji czystej energii. Innowacja u podstaw DX Energy Nasze podej\u015bcie do [&hellip;]<\/p>\n","protected":false},"author":1,"featured_media":0,"parent":0,"menu_order":0,"comment_status":"closed","ping_status":"closed","template":"elementor_header_footer","meta":{"footnotes":""},"class_list":["post-3185","page","type-page","status-publish","hentry"],"_links":{"self":[{"href":"https:\/\/dxenergy.co.uk\/pl\/wp-json\/wp\/v2\/pages\/3185","targetHints":{"allow":["GET"]}}],"collection":[{"href":"https:\/\/dxenergy.co.uk\/pl\/wp-json\/wp\/v2\/pages"}],"about":[{"href":"https:\/\/dxenergy.co.uk\/pl\/wp-json\/wp\/v2\/types\/page"}],"author":[{"embeddable":true,"href":"https:\/\/dxenergy.co.uk\/pl\/wp-json\/wp\/v2\/users\/1"}],"replies":[{"embeddable":true,"href":"https:\/\/dxenergy.co.uk\/pl\/wp-json\/wp\/v2\/comments?post=3185"}],"version-history":[{"count":8,"href":"https:\/\/dxenergy.co.uk\/pl\/wp-json\/wp\/v2\/pages\/3185\/revisions"}],"predecessor-version":[{"id":3986,"href":"https:\/\/dxenergy.co.uk\/pl\/wp-json\/wp\/v2\/pages\/3185\/revisions\/3986"}],"wp:attachment":[{"href":"https:\/\/dxenergy.co.uk\/pl\/wp-json\/wp\/v2\/media?parent=3185"}],"curies":[{"name":"wp","href":"https:\/\/api.w.org\/{rel}","templated":true}]}}