{"id":3167,"date":"2025-04-09T09:37:23","date_gmt":"2025-04-09T09:37:23","guid":{"rendered":"https:\/\/dx-cells-technologies.bemunchiegrowth.co.uk\/warunki-swiadczenia-uslug\/"},"modified":"2025-04-29T15:46:02","modified_gmt":"2025-04-29T15:46:02","slug":"warunki-swiadczenia-uslug","status":"publish","type":"page","link":"https:\/\/dxenergy.co.uk\/pl\/warunki-swiadczenia-uslug\/","title":{"rendered":"Warunki \u015bwiadczenia us\u0142ug"},"content":{"rendered":"\t\t<div data-elementor-type=\"wp-page\" data-elementor-id=\"3167\" class=\"elementor elementor-3167 elementor-2316\" data-elementor-post-type=\"page\">\n\t\t\t\t<div class=\"elementor-element elementor-element-2ad6c67 e-flex e-con-boxed e-con e-parent\" data-id=\"2ad6c67\" data-element_type=\"container\" data-e-type=\"container\" data-settings=\"{&quot;background_background&quot;:&quot;classic&quot;}\">\n\t\t\t\t\t<div class=\"e-con-inner\">\n\t\t<div class=\"elementor-element elementor-element-affcf79 e-flex e-con-boxed e-con e-child\" data-id=\"affcf79\" data-element_type=\"container\" data-e-type=\"container\">\n\t\t\t\t\t<div class=\"e-con-inner\">\n\t\t\t\t<div class=\"elementor-element elementor-element-6ab3ddd elementor-widget elementor-widget-heading\" data-id=\"6ab3ddd\" data-element_type=\"widget\" data-e-type=\"widget\" data-widget_type=\"heading.default\">\n\t\t\t\t<div class=\"elementor-widget-container\">\n\t\t\t\t\t<h6 class=\"elementor-heading-title elementor-size-default\">Regulamin<\/h6>\t\t\t\t<\/div>\n\t\t\t\t<\/div>\n\t\t\t\t<div class=\"elementor-element elementor-element-b467cee elementor-widget elementor-widget-heading\" data-id=\"b467cee\" data-element_type=\"widget\" data-e-type=\"widget\" data-widget_type=\"heading.default\">\n\t\t\t\t<div class=\"elementor-widget-container\">\n\t\t\t\t\t<h1 class=\"elementor-heading-title elementor-size-default\">Warunki \u015bwiadczenia us\u0142ug<\/h1>\t\t\t\t<\/div>\n\t\t\t\t<\/div>\n\t\t\t\t\t<\/div>\n\t\t\t\t<\/div>\n\t\t\t\t\t<\/div>\n\t\t\t\t<\/div>\n\t\t<div class=\"elementor-element elementor-element-32a13b1 e-flex e-con-boxed e-con e-parent\" data-id=\"32a13b1\" data-element_type=\"container\" data-e-type=\"container\">\n\t\t\t\t\t<div class=\"e-con-inner\">\n\t\t<div class=\"elementor-element elementor-element-33847e1 e-con-full e-flex e-con e-child\" data-id=\"33847e1\" data-element_type=\"container\" data-e-type=\"container\">\n\t\t\t\t<div class=\"elementor-element elementor-element-d1b0dda legalContent elementor-widget elementor-widget-text-editor\" data-id=\"d1b0dda\" data-element_type=\"widget\" data-e-type=\"widget\" data-widget_type=\"text-editor.default\">\n\t\t\t\t<div class=\"elementor-widget-container\">\n\t\t\t\t\t\t\t\t\t<p>Prosimy o uwa\u017cne zapoznanie si\u0119 z niniejszymi Warunkami u\u017cytkowania (&#8222;Warunki&#8221;, &#8222;Warunki u\u017cytkowania&#8221;) przed rozpocz\u0119ciem korzystania ze strony internetowej [wpautoterms site_url] (&#8222;Us\u0142uga&#8221;) obs\u0142ugiwanej przez [wpautoterms company_name] (&#8222;my&#8221;, &#8222;nas&#8221; lub &#8222;nasz&#8221;).<\/p><p>Dost\u0119p do Us\u0142ugi i korzystanie z niej jest uzale\u017cnione od zaakceptowania i przestrzegania niniejszych Warunk\u00f3w. Niniejsze Warunki maj\u0105 zastosowanie do wszystkich odwiedzaj\u0105cych, u\u017cytkownik\u00f3w i innych os\u00f3b, kt\u00f3re uzyskuj\u0105 dost\u0119p do Us\u0142ugi lub z niej korzystaj\u0105. <\/p><p>Uzyskuj\u0105c dost\u0119p do Us\u0142ugi lub korzystaj\u0105c z niej, u\u017cytkownik wyra\u017ca zgod\u0119 na przestrzeganie niniejszych Warunk\u00f3w. Je\u015bli u\u017cytkownik nie zgadza si\u0119 z jak\u0105kolwiek cz\u0119\u015bci\u0105 Regulaminu, nie mo\u017ce korzysta\u0107 z Us\u0142ugi. <\/p><h2>Konta<\/h2><p>Tworz\u0105c konto w naszym serwisie, u\u017cytkownik musi poda\u0107 nam informacje, kt\u00f3re s\u0105 dok\u0142adne, kompletne i aktualne przez ca\u0142y czas. Niezastosowanie si\u0119 do tego wymogu stanowi naruszenie Warunk\u00f3w, co mo\u017ce skutkowa\u0107 natychmiastowym zamkni\u0119ciem konta u\u017cytkownika w naszym Serwisie. <\/p><p>U\u017cytkownik jest odpowiedzialny za ochron\u0119 has\u0142a u\u017cywanego do uzyskiwania dost\u0119pu do Us\u0142ugi oraz za wszelkie dzia\u0142ania lub czynno\u015bci wykonywane przy u\u017cyciu has\u0142a, niezale\u017cnie od tego, czy has\u0142o jest u\u017cywane w naszej Us\u0142udze, czy w us\u0142udze strony trzeciej.<\/p><p>U\u017cytkownik zobowi\u0105zuje si\u0119 nie ujawnia\u0107 swojego has\u0142a osobom trzecim. U\u017cytkownik musi niezw\u0142ocznie powiadomi\u0107 nas o wszelkich przypadkach naruszenia bezpiecze\u0144stwa lub nieautoryzowanego u\u017cycia jego konta. <\/p><h2>W\u0142asno\u015b\u0107 intelektualna<\/h2><p>Us\u0142uga i jej oryginalna zawarto\u015b\u0107, cechy i funkcjonalno\u015b\u0107 s\u0105 i pozostan\u0105 wy\u0142\u0105czn\u0105 w\u0142asno\u015bci\u0105 [wpautoterms company_name] i jej licencjodawc\u00f3w.<\/p><h2>Linki do innych stron internetowych<\/h2><p>Nasza us\u0142uga mo\u017ce zawiera\u0107 linki do stron internetowych lub us\u0142ug stron trzecich, kt\u00f3re nie s\u0105 w\u0142asno\u015bci\u0105 ani nie s\u0105 kontrolowane przez [wpautoterms company_name].<\/p><p>[wpautoterms company_name]  nie ma kontroli i nie ponosi odpowiedzialno\u015bci za tre\u015bci, polityk\u0119 prywatno\u015bci lub praktyki stron internetowych lub us\u0142ug stron trzecich. Ponadto u\u017cytkownik przyjmuje do wiadomo\u015bci i zgadza si\u0119, \u017ce [wpautoterms company_name] nie ponosi odpowiedzialno\u015bci, bezpo\u015brednio lub po\u015brednio, za jakiekolwiek szkody lub straty spowodowane lub rzekomo spowodowane przez lub w zwi\u0105zku z korzystaniem lub poleganiem na takich tre\u015bciach, towarach lub us\u0142ugach dost\u0119pnych na lub za po\u015brednictwem takich stron internetowych lub us\u0142ug. <\/p><p>Zdecydowanie zalecamy zapoznanie si\u0119 z warunkami i politykami prywatno\u015bci wszelkich odwiedzanych witryn internetowych lub us\u0142ug stron trzecich.<\/p><h2>Zako\u0144czenie<\/h2><p>Mo\u017cemy natychmiast zamkn\u0105\u0107 lub zawiesi\u0107 konto u\u017cytkownika, bez wcze\u015bniejszego powiadomienia lub ponoszenia odpowiedzialno\u015bci, z dowolnego powodu, w tym mi\u0119dzy innymi w przypadku naruszenia przez u\u017cytkownika Warunk\u00f3w.<\/p><p>Po rozwi\u0105zaniu umowy prawo u\u017cytkownika do korzystania z Us\u0142ugi natychmiast wygasa. Je\u015bli u\u017cytkownik chce zamkn\u0105\u0107 swoje konto, mo\u017ce po prostu zaprzesta\u0107 korzystania z Us\u0142ugi. <\/p><p>Wszystkie postanowienia Warunk\u00f3w, kt\u00f3re ze wzgl\u0119du na sw\u00f3j charakter powinny pozosta\u0107 w mocy po rozwi\u0105zaniu, pozostaj\u0105 w mocy po rozwi\u0105zaniu, w tym mi\u0119dzy innymi postanowienia dotycz\u0105ce w\u0142asno\u015bci, wy\u0142\u0105czenia gwarancji, odszkodowania i ograniczenia odpowiedzialno\u015bci.<\/p><h2>Zastrze\u017cenie<\/h2><p>U\u017cytkownik korzysta z Us\u0142ugi na w\u0142asne ryzyko. Us\u0142uga jest \u015bwiadczona na zasadzie &#8222;TAK JAK JEST&#8221; i &#8222;W MIAR\u0118 DOST\u0118PNO\u015aCI&#8221;. Us\u0142uga jest \u015bwiadczona bez jakichkolwiek gwarancji, wyra\u017anych lub dorozumianych, w tym mi\u0119dzy innymi dorozumianych gwarancji przydatno\u015bci handlowej, przydatno\u015bci do okre\u015blonego celu, nienaruszania praw lub przebiegu dzia\u0142ania.  <\/p><h2>Prawo w\u0142a\u015bciwe<\/h2><p>Niniejsze Warunki b\u0119d\u0105 regulowane i interpretowane zgodnie z prawem Wielkiej Brytanii bez wzgl\u0119du na przepisy kolizyjne.<\/p><p>Niewyegzekwowanie przez nas jakiegokolwiek prawa lub postanowienia niniejszych Warunk\u00f3w nie b\u0119dzie uwa\u017cane za zrzeczenie si\u0119 tych praw. Je\u015bli kt\u00f3rekolwiek z postanowie\u0144 niniejszych Warunk\u00f3w zostanie uznane przez s\u0105d za niewa\u017cne lub niewykonalne, pozosta\u0142e postanowienia niniejszych Warunk\u00f3w pozostan\u0105 w mocy. Niniejsze Warunki stanowi\u0105 ca\u0142o\u015b\u0107 porozumienia mi\u0119dzy nami w odniesieniu do naszej Us\u0142ugi i zast\u0119puj\u0105 wszelkie wcze\u015bniejsze umowy, kt\u00f3re mogli\u015bmy zawrze\u0107 mi\u0119dzy nami w odniesieniu do Us\u0142ugi.  <\/p><h2>Zmiany<\/h2><p>Zastrzegamy sobie prawo, wed\u0142ug w\u0142asnego uznania, do zmiany lub zast\u0105pienia niniejszych Warunk\u00f3w w dowolnym momencie. Je\u015bli zmiana jest istotna, postaramy si\u0119 zapewni\u0107 co najmniej 30-dniowe powiadomienie przed wej\u015bciem w \u017cycie nowych warunk\u00f3w. To, co stanowi istotn\u0105 zmian\u0119, zostanie okre\u015blone wed\u0142ug naszego wy\u0142\u0105cznego uznania.  <\/p><p>Kontynuuj\u0105c dost\u0119p lub korzystanie z naszej Us\u0142ugi po wej\u015bciu w \u017cycie tych zmian, u\u017cytkownik wyra\u017ca zgod\u0119 na przestrzeganie zmienionych warunk\u00f3w. Je\u015bli u\u017cytkownik nie wyra\u017ca zgody na nowe warunki, powinien zaprzesta\u0107 korzystania z Us\u0142ugi. <\/p><h2>Kontakt<\/h2><p>W przypadku jakichkolwiek pyta\u0144 dotycz\u0105cych niniejszych Warunk\u00f3w, prosimy o kontakt.<\/p>\t\t\t\t\t\t\t\t<\/div>\n\t\t\t\t<\/div>\n\t\t\t\t<\/div>\n\t\t\t\t\t<\/div>\n\t\t\t\t<\/div>\n\t\t\t\t<\/div>\n\t\t","protected":false},"excerpt":{"rendered":"<p>Regulamin Warunki \u015bwiadczenia us\u0142ug Prosimy o uwa\u017cne zapoznanie si\u0119 z niniejszymi Warunkami u\u017cytkowania (&#8222;Warunki&#8221;, &#8222;Warunki u\u017cytkowania&#8221;) przed rozpocz\u0119ciem korzystania ze strony internetowej [wpautoterms site_url] (&#8222;Us\u0142uga&#8221;) obs\u0142ugiwanej przez [wpautoterms company_name] (&#8222;my&#8221;, &#8222;nas&#8221; lub &#8222;nasz&#8221;). Dost\u0119p do Us\u0142ugi i korzystanie z niej jest uzale\u017cnione od zaakceptowania i przestrzegania niniejszych Warunk\u00f3w. Niniejsze Warunki maj\u0105 zastosowanie do wszystkich odwiedzaj\u0105cych, [&hellip;]<\/p>\n","protected":false},"author":1,"featured_media":0,"parent":0,"menu_order":0,"comment_status":"closed","ping_status":"closed","template":"elementor_header_footer","meta":{"footnotes":""},"class_list":["post-3167","page","type-page","status-publish","hentry"],"_links":{"self":[{"href":"https:\/\/dxenergy.co.uk\/pl\/wp-json\/wp\/v2\/pages\/3167","targetHints":{"allow":["GET"]}}],"collection":[{"href":"https:\/\/dxenergy.co.uk\/pl\/wp-json\/wp\/v2\/pages"}],"about":[{"href":"https:\/\/dxenergy.co.uk\/pl\/wp-json\/wp\/v2\/types\/page"}],"author":[{"embeddable":true,"href":"https:\/\/dxenergy.co.uk\/pl\/wp-json\/wp\/v2\/users\/1"}],"replies":[{"embeddable":true,"href":"https:\/\/dxenergy.co.uk\/pl\/wp-json\/wp\/v2\/comments?post=3167"}],"version-history":[{"count":2,"href":"https:\/\/dxenergy.co.uk\/pl\/wp-json\/wp\/v2\/pages\/3167\/revisions"}],"predecessor-version":[{"id":3707,"href":"https:\/\/dxenergy.co.uk\/pl\/wp-json\/wp\/v2\/pages\/3167\/revisions\/3707"}],"wp:attachment":[{"href":"https:\/\/dxenergy.co.uk\/pl\/wp-json\/wp\/v2\/media?parent=3167"}],"curies":[{"name":"wp","href":"https:\/\/api.w.org\/{rel}","templated":true}]}}